{"id":15,"date":"2026-01-11T00:33:54","date_gmt":"2026-01-11T03:33:54","guid":{"rendered":"https:\/\/bunkerpdv.com.br\/?page_id=15"},"modified":"2026-01-12T16:47:04","modified_gmt":"2026-01-12T19:47:04","slug":"sobre-nos","status":"publish","type":"page","link":"https:\/\/bunkerpdv.com.br\/?page_id=15","title":{"rendered":"Quem Somos"},"content":{"rendered":"\t\t<div data-elementor-type=\"wp-page\" data-elementor-id=\"15\" class=\"elementor elementor-15\">\n\t\t\t\t<div class=\"elementor-element elementor-element-a5da8ea e-con-full e-flex e-con e-parent\" data-id=\"a5da8ea\" data-element_type=\"container\" data-settings=\"{&quot;background_background&quot;:&quot;classic&quot;}\">\n\t\t\t\t<\/div>\n\t\t<div class=\"elementor-element elementor-element-5aed9b2 e-flex e-con-boxed e-con e-parent\" data-id=\"5aed9b2\" data-element_type=\"container\">\n\t\t\t\t\t<div class=\"e-con-inner\">\n\t\t\t\t<div class=\"elementor-element elementor-element-84db0f4 elementor-widget elementor-widget-heading\" data-id=\"84db0f4\" data-element_type=\"widget\" data-widget_type=\"heading.default\">\n\t\t\t\t<div class=\"elementor-widget-container\">\n\t\t\t<style>\/*! elementor - v3.21.0 - 25-04-2024 *\/\n.elementor-heading-title{padding:0;margin:0;line-height:1}.elementor-widget-heading .elementor-heading-title[class*=elementor-size-]>a{color:inherit;font-size:inherit;line-height:inherit}.elementor-widget-heading .elementor-heading-title.elementor-size-small{font-size:15px}.elementor-widget-heading .elementor-heading-title.elementor-size-medium{font-size:19px}.elementor-widget-heading .elementor-heading-title.elementor-size-large{font-size:29px}.elementor-widget-heading .elementor-heading-title.elementor-size-xl{font-size:39px}.elementor-widget-heading .elementor-heading-title.elementor-size-xxl{font-size:59px}<\/style><h2 class=\"elementor-heading-title elementor-size-default\">Tecnologia de hoje para os desafios de agora.<\/h2>\t\t<\/div>\n\t\t\t\t<\/div>\n\t\t\t\t<div class=\"elementor-element elementor-element-f083627 elementor-widget elementor-widget-text-editor\" data-id=\"f083627\" data-element_type=\"widget\" data-widget_type=\"text-editor.default\">\n\t\t\t\t<div class=\"elementor-widget-container\">\n\t\t\t<style>\/*! elementor - v3.21.0 - 25-04-2024 *\/\n.elementor-widget-text-editor.elementor-drop-cap-view-stacked .elementor-drop-cap{background-color:#69727d;color:#fff}.elementor-widget-text-editor.elementor-drop-cap-view-framed .elementor-drop-cap{color:#69727d;border:3px solid;background-color:transparent}.elementor-widget-text-editor:not(.elementor-drop-cap-view-default) .elementor-drop-cap{margin-top:8px}.elementor-widget-text-editor:not(.elementor-drop-cap-view-default) .elementor-drop-cap-letter{width:1em;height:1em}.elementor-widget-text-editor .elementor-drop-cap{float:left;text-align:center;line-height:1;font-size:50px}.elementor-widget-text-editor .elementor-drop-cap-letter{display:inline-block}<\/style>\t\t\t\t<p data-path-to-node=\"7\"><strong>Em 2023, percebemos que o mercado precisava de uma mudan\u00e7a. O varejista moderno \u2014 seja de um mercado, padaria ou loja \u2014 n\u00e3o tem tempo a perder com ferramentas lentas ou ultrapassadas. Foi assim que nasceu o nosso sistema.<\/strong><\/p><p data-path-to-node=\"8\"><strong>Reunimos tudo o que \u00e9 essencial em um s\u00f3 lugar: agilidade no PDV, intelig\u00eancia nas compras, controle total de estoque e seguran\u00e7a fiscal. Nascemos com a tecnologia atual para resolver problemas reais, eliminando a burocracia e o desperd\u00edcio. Somos a nova gera\u00e7\u00e3o de gest\u00e3o para quem quer crescer de verdade.<\/strong><\/p>\t\t\t\t\t\t<\/div>\n\t\t\t\t<\/div>\n\t\t\t\t<div class=\"elementor-element elementor-element-d161435 elementor-widget elementor-widget-text-editor\" data-id=\"d161435\" data-element_type=\"widget\" data-widget_type=\"text-editor.default\">\n\t\t\t\t<div class=\"elementor-widget-container\">\n\t\t\t\t\t\t\t<h3 data-path-to-node=\"1\">Nossa Miss\u00e3o<\/h3><blockquote data-path-to-node=\"2\"><p data-path-to-node=\"2,0\">&#8220;Descomplicar a rotina de quem vive do varejo. Nosso objetivo \u00e9 entregar tecnologia f\u00e1cil de usar para que o comerciante pare de perder dinheiro com desorganiza\u00e7\u00e3o, tenha seguran\u00e7a fiscal e ganhe tempo para focar no que realmente importa: vender e crescer.&#8221;<\/p><\/blockquote><h3 data-path-to-node=\"4\">Nossos Valores<\/h3><ul data-path-to-node=\"6\"><li><p data-path-to-node=\"6,0,0\"><b data-path-to-node=\"6,0,0\" data-index-in-node=\"0\">1. Simplicidade de Verdade:<\/b> Sistema bom \u00e9 sistema que a gente entende. Acreditamos que a tecnologia tem que facilitar o trabalho, e n\u00e3o ser mais uma dor de cabe\u00e7a. Se \u00e9 dif\u00edcil de usar, n\u00e3o serve para n\u00f3s.<\/p><\/li><li><p data-path-to-node=\"6,1,0\"><b data-path-to-node=\"6,1,0\" data-index-in-node=\"0\">2. Jogo Limpo (Transpar\u00eancia):<\/b> Prezamos pela seguran\u00e7a do seu neg\u00f3cio. Seja na hora de calcular o imposto ou de controlar o caixa, trabalhamos com dados reais e honestidade para voc\u00ea dormir tranquilo.<\/p><\/li><li><p data-path-to-node=\"6,2,0\"><b data-path-to-node=\"6,2,0\" data-index-in-node=\"0\">3. Parceria &#8220;P\u00e9 no Ch\u00e3o&#8221;:<\/b> Entendemos a realidade do balc\u00e3o. N\u00e3o somos apenas vendedores de software; somos parceiros que escutam, entendem as dificuldades e trabalham para resolver os problemas reais do seu dia a dia.<\/p><\/li><li><p data-path-to-node=\"6,3,0\"><b data-path-to-node=\"6,3,0\" data-index-in-node=\"0\">4. Foco no Lucro do Cliente:<\/b> Nossa ferramenta existe para estancar preju\u00edzos. Valorizamos cada centavo do seu estoque e do seu esfor\u00e7o. Se o nosso sistema n\u00e3o estiver te ajudando a economizar ou lucrar mais, n\u00e3o estamos cumprindo nosso papel.<\/p><\/li><li><p data-path-to-node=\"6,4,0\"><b data-path-to-node=\"6,4,0\" data-index-in-node=\"0\">5. Modernidade que Resolve:<\/b> Nascemos em 2023 para trazer o novo. N\u00e3o nos apegamos ao &#8220;sempre foi assim&#8221;. Buscamos sempre a solu\u00e7\u00e3o mais \u00e1gil e atual para que seu com\u00e9rcio n\u00e3o fique parado no tempo.<\/p><\/li><\/ul>\t\t\t\t\t\t<\/div>\n\t\t\t\t<\/div>\n\t\t\t\t\t<\/div>\n\t\t\t\t<\/div>\n\t\t\t\t<\/div>\n\t\t\n    <div class=\"xs_social_share_widget xs_share_url after_content \t\tmain_content  wslu-style-1 wslu-share-box-shaped wslu-fill-colored wslu-none wslu-share-horizontal wslu-theme-font-no wslu-main_content\">\n\n\t\t\n        <ul>\n\t\t\t        <\/ul>\n    <\/div> \n","protected":false},"excerpt":{"rendered":"<p>Tecnologia de hoje para os desafios de agora. Em 2023, percebemos que o mercado precisava de uma mudan\u00e7a. O varejista moderno \u2014 seja de um mercado, padaria ou loja \u2014 n\u00e3o tem tempo a perder com ferramentas lentas ou ultrapassadas. Foi assim que nasceu o nosso sistema. Reunimos tudo o que \u00e9 essencial em um [&hellip;]<\/p>\n","protected":false},"author":1,"featured_media":0,"parent":0,"menu_order":0,"comment_status":"closed","ping_status":"closed","template":"elementor_header_footer","meta":{"postBodyCss":"","postBodyMargin":[],"postBodyPadding":[],"postBodyBackground":{"backgroundType":"classic","gradient":""},"footnotes":""},"class_list":["post-15","page","type-page","status-publish","hentry"],"_links":{"self":[{"href":"https:\/\/bunkerpdv.com.br\/index.php?rest_route=\/wp\/v2\/pages\/15","targetHints":{"allow":["GET"]}}],"collection":[{"href":"https:\/\/bunkerpdv.com.br\/index.php?rest_route=\/wp\/v2\/pages"}],"about":[{"href":"https:\/\/bunkerpdv.com.br\/index.php?rest_route=\/wp\/v2\/types\/page"}],"author":[{"embeddable":true,"href":"https:\/\/bunkerpdv.com.br\/index.php?rest_route=\/wp\/v2\/users\/1"}],"replies":[{"embeddable":true,"href":"https:\/\/bunkerpdv.com.br\/index.php?rest_route=%2Fwp%2Fv2%2Fcomments&post=15"}],"version-history":[{"count":32,"href":"https:\/\/bunkerpdv.com.br\/index.php?rest_route=\/wp\/v2\/pages\/15\/revisions"}],"predecessor-version":[{"id":191,"href":"https:\/\/bunkerpdv.com.br\/index.php?rest_route=\/wp\/v2\/pages\/15\/revisions\/191"}],"wp:attachment":[{"href":"https:\/\/bunkerpdv.com.br\/index.php?rest_route=%2Fwp%2Fv2%2Fmedia&parent=15"}],"curies":[{"name":"wp","href":"https:\/\/api.w.org\/{rel}","templated":true}]}}