{"id":17,"date":"2026-01-11T00:34:06","date_gmt":"2026-01-11T03:34:06","guid":{"rendered":"https:\/\/bunkerpdv.com.br\/?page_id=17"},"modified":"2026-01-12T17:26:47","modified_gmt":"2026-01-12T20:26:47","slug":"contato","status":"publish","type":"page","link":"https:\/\/bunkerpdv.com.br\/?page_id=17","title":{"rendered":"Contato"},"content":{"rendered":"\t\t<div data-elementor-type=\"wp-page\" data-elementor-id=\"17\" class=\"elementor elementor-17\">\n\t\t\t\t<div class=\"elementor-element elementor-element-d4b820e e-flex e-con-boxed e-con e-parent\" data-id=\"d4b820e\" data-element_type=\"container\" data-settings=\"{&quot;background_background&quot;:&quot;classic&quot;}\">\n\t\t\t\t\t<div class=\"e-con-inner\">\n\t\t<div class=\"elementor-element elementor-element-804312d e-flex e-con-boxed e-con e-child\" data-id=\"804312d\" data-element_type=\"container\">\n\t\t\t\t\t<div class=\"e-con-inner\">\n\t\t\t\t<div class=\"elementor-element elementor-element-6b7305e elementor-widget elementor-widget-heading\" data-id=\"6b7305e\" data-element_type=\"widget\" data-widget_type=\"heading.default\">\n\t\t\t\t<div class=\"elementor-widget-container\">\n\t\t\t<style>\/*! elementor - v3.21.0 - 25-04-2024 *\/\n.elementor-heading-title{padding:0;margin:0;line-height:1}.elementor-widget-heading .elementor-heading-title[class*=elementor-size-]>a{color:inherit;font-size:inherit;line-height:inherit}.elementor-widget-heading .elementor-heading-title.elementor-size-small{font-size:15px}.elementor-widget-heading .elementor-heading-title.elementor-size-medium{font-size:19px}.elementor-widget-heading .elementor-heading-title.elementor-size-large{font-size:29px}.elementor-widget-heading .elementor-heading-title.elementor-size-xl{font-size:39px}.elementor-widget-heading .elementor-heading-title.elementor-size-xxl{font-size:59px}<\/style><h2 class=\"elementor-heading-title elementor-size-default\">Contato<\/h2>\t\t<\/div>\n\t\t\t\t<\/div>\n\t\t\t\t\t<\/div>\n\t\t\t\t<\/div>\n\t\t\t\t\t<\/div>\n\t\t\t\t<\/div>\n\t\t<div class=\"elementor-element elementor-element-a1e845c e-flex e-con-boxed e-con e-parent\" data-id=\"a1e845c\" data-element_type=\"container\">\n\t\t\t\t\t<div class=\"e-con-inner\">\n\t\t<div class=\"elementor-element elementor-element-6217633 e-con-full e-flex e-con e-child\" data-id=\"6217633\" data-element_type=\"container\">\n\t\t\t\t<div class=\"elementor-element elementor-element-517e2ec elementor-widget elementor-widget-heading\" data-id=\"517e2ec\" data-element_type=\"widget\" data-widget_type=\"heading.default\">\n\t\t\t\t<div class=\"elementor-widget-container\">\n\t\t\t<h2 class=\"elementor-heading-title elementor-size-default\">Entre Em Contato<\/h2>\t\t<\/div>\n\t\t\t\t<\/div>\n\t\t\t\t<div class=\"elementor-element elementor-element-e824721 elementor-icon-list--layout-traditional elementor-list-item-link-full_width elementor-widget elementor-widget-icon-list\" data-id=\"e824721\" data-element_type=\"widget\" data-widget_type=\"icon-list.default\">\n\t\t\t\t<div class=\"elementor-widget-container\">\n\t\t\t<link rel=\"stylesheet\" href=\"https:\/\/bunkerpdv.com.br\/wp-content\/plugins\/elementor\/assets\/css\/widget-icon-list.min.css\">\t\t<ul class=\"elementor-icon-list-items\">\n\t\t\t\t\t\t\t<li class=\"elementor-icon-list-item\">\n\t\t\t\t\t\t\t\t\t\t\t<span class=\"elementor-icon-list-icon\">\n\t\t\t\t\t\t\t<svg class=\"ekit-svg-icon icon-email\" viewBox=\"0 0 32 32\" xmlns=\"http:\/\/www.w3.org\/2000\/svg\"><path d=\"M31.763 13.855l0-0-4.086-2.709v-9.055c0-0.293-0.237-0.53-0.53-0.53h-22.294c-0.293 0-0.53 0.237-0.53 0.53v9.055l-4.085 2.708c-0.143 0.095-0.237 0.257-0.237 0.442v16.413c0 0.293 0.237 0.53 0.53 0.53h30.94c0.293 0 0.53-0.237 0.53-0.53v-16.413c0-0.184-0.094-0.347-0.237-0.442zM4.323 15.708l-1.662-0.882h1.662v0.882zM1.060 15.177l12.188 6.465-12.188 8.079v-14.544zM16 21.090l13.712 9.089h-27.423l13.712-9.089zM18.752 21.643l12.188-6.465v14.544l-12.188-8.079zM27.677 14.826h1.663l-1.663 0.882v-0.882zM29.711 13.766h-2.035v-1.349l2.035 1.349zM26.617 2.621v13.65l-8.87 4.705-1.454-0.964c-0.177-0.118-0.408-0.118-0.586 0l-1.454 0.964-8.871-4.706v-13.649h21.234zM4.323 13.766h-2.034l2.034-1.348v1.348zM16 15.499h4.223c0.293 0 0.53-0.237 0.53-0.53s-0.237-0.53-0.53-0.53h-4.223c-2.036 0-3.693-1.656-3.693-3.693v-0.156c0-2.036 1.656-3.693 3.693-3.693s3.693 1.656 3.693 3.693v0.391c0 0.441-0.359 0.799-0.799 0.799s-0.799-0.359-0.799-0.799v-0.743c0-1.262-1.027-2.289-2.289-2.289s-2.289 1.027-2.289 2.289c0 1.262 1.027 2.289 2.289 2.289 0.577 0 1.105-0.215 1.508-0.569 0.328 0.529 0.914 0.882 1.581 0.882 1.025 0 1.859-0.834 1.859-1.859v-0.391c0-2.621-2.132-4.753-4.753-4.753s-4.753 2.132-4.753 4.753v0.156c0 2.621 2.132 4.753 4.753 4.753zM15.804 11.468c-0.678 0-1.229-0.551-1.229-1.229s0.552-1.229 1.229-1.229 1.229 0.552 1.229 1.229-0.551 1.229-1.229 1.229z\"><\/path><\/svg>\t\t\t\t\t\t<\/span>\n\t\t\t\t\t\t\t\t\t\t<span class=\"elementor-icon-list-text\">contato@bunkerpdv.com.br<\/span>\n\t\t\t\t\t\t\t\t\t<\/li>\n\t\t\t\t\t\t\t\t<li class=\"elementor-icon-list-item\">\n\t\t\t\t\t\t\t\t\t\t\t<span class=\"elementor-icon-list-icon\">\n\t\t\t\t\t\t\t<svg class=\"ekit-svg-icon icon-whatsapp-1\" viewBox=\"0 0 32 32\" xmlns=\"http:\/\/www.w3.org\/2000\/svg\"><path d=\"M16.004 0h-0.008c-8.822 0-15.996 7.176-15.996 16 0 3.5 1.128 6.744 3.046 9.378l-1.994 5.944 6.15-1.966c2.53 1.676 5.548 2.644 8.802 2.644 8.822 0 15.996-7.178 15.996-16s-7.174-16-15.996-16zM25.314 22.594c-0.386 1.090-1.918 1.994-3.14 2.258-0.836 0.178-1.928 0.32-5.604-1.204-4.702-1.948-7.73-6.726-7.966-7.036-0.226-0.31-1.9-2.53-1.9-4.826s1.166-3.414 1.636-3.894c0.386-0.394 1.024-0.574 1.636-0.574 0.198 0 0.376 0.010 0.536 0.018 0.47 0.020 0.706 0.048 1.016 0.79 0.386 0.93 1.326 3.226 1.438 3.462 0.114 0.236 0.228 0.556 0.068 0.866-0.15 0.32-0.282 0.462-0.518 0.734s-0.46 0.48-0.696 0.772c-0.216 0.254-0.46 0.526-0.188 0.996 0.272 0.46 1.212 1.994 2.596 3.226 1.786 1.59 3.234 2.098 3.752 2.314 0.386 0.16 0.846 0.122 1.128-0.178 0.358-0.386 0.8-1.026 1.25-1.656 0.32-0.452 0.724-0.508 1.148-0.348 0.432 0.15 2.718 1.28 3.188 1.514 0.47 0.236 0.78 0.348 0.894 0.546 0.112 0.198 0.112 1.128-0.274 2.22z\"><\/path><\/svg>\t\t\t\t\t\t<\/span>\n\t\t\t\t\t\t\t\t\t\t<span class=\"elementor-icon-list-text\">81 99737-2099<\/span>\n\t\t\t\t\t\t\t\t\t<\/li>\n\t\t\t\t\t\t<\/ul>\n\t\t\t\t<\/div>\n\t\t\t\t<\/div>\n\t\t\t\t<\/div>\n\t\t<div class=\"elementor-element elementor-element-95427ca e-con-full e-flex e-con e-child\" data-id=\"95427ca\" data-element_type=\"container\">\n\t\t\t\t<div class=\"elementor-element elementor-element-3676fde elementor-widget elementor-widget-wpforms\" data-id=\"3676fde\" data-element_type=\"widget\" data-widget_type=\"wpforms.default\">\n\t\t\t\t<div class=\"elementor-widget-container\">\n\t\t\t<div class=\"wpforms-container wpforms-container-full wpforms-render-modern\" id=\"wpforms-196\"><form id=\"wpforms-form-196\" class=\"wpforms-validate wpforms-form wpforms-ajax-form\" data-formid=\"196\" method=\"post\" enctype=\"multipart\/form-data\" action=\"\/index.php?rest_route=%2Fwp%2Fv2%2Fpages%2F17\" data-token=\"8e3891dbe143ff6c356d0dc8fc96800e\" data-token-time=\"1778639244\"><noscript class=\"wpforms-error-noscript\">Please enable JavaScript in your browser to complete this form.<\/noscript><div id=\"wpforms-error-noscript\" style=\"display: none;\">Please enable JavaScript in your browser to complete this form.<\/div><div class=\"wpforms-field-container\"><div id=\"wpforms-196-field_1-container\" class=\"wpforms-field wpforms-field-name\" data-field-id=\"1\"><fieldset><legend class=\"wpforms-field-label\">Nome <span class=\"wpforms-required-label\" aria-hidden=\"true\">*<\/span><\/legend><div class=\"wpforms-field-row wpforms-field-medium\"><div class=\"wpforms-field-row-block wpforms-first wpforms-one-half\"><input type=\"text\" id=\"wpforms-196-field_1\" class=\"wpforms-field-name-first wpforms-field-required\" name=\"wpforms[fields][1][first]\" aria-errormessage=\"wpforms-196-field_1-error\" required><label for=\"wpforms-196-field_1\" class=\"wpforms-field-sublabel after\">First<\/label><\/div><div class=\"wpforms-field-row-block wpforms-one-half\"><input type=\"text\" id=\"wpforms-196-field_1-last\" class=\"wpforms-field-name-last wpforms-field-required\" name=\"wpforms[fields][1][last]\" aria-errormessage=\"wpforms-196-field_1-last-error\" required><label for=\"wpforms-196-field_1-last\" class=\"wpforms-field-sublabel after\">Last<\/label><\/div><\/div><\/fieldset><\/div>\t\t<div id=\"wpforms-196-field_4-container\"\n\t\t\tclass=\"wpforms-field wpforms-field-text\"\n\t\t\tdata-field-type=\"text\"\n\t\t\tdata-field-id=\"4\"\n\t\t\t>\n\t\t\t<label class=\"wpforms-field-label\" for=\"wpforms-196-field_4\" >Nome ou E-mail<\/label>\n\t\t\t<input type=\"text\" id=\"wpforms-196-field_4\" class=\"wpforms-field-medium\" name=\"wpforms[fields][4]\" >\n\t\t<\/div>\n\t\t<div id=\"wpforms-196-field_2-container\" class=\"wpforms-field wpforms-field-email\" data-field-id=\"2\"><label class=\"wpforms-field-label\" for=\"wpforms-196-field_2\">E-mail <span class=\"wpforms-required-label\" aria-hidden=\"true\">*<\/span><\/label><input type=\"email\" id=\"wpforms-196-field_2\" class=\"wpforms-field-medium wpforms-field-required\" name=\"wpforms[fields][2]\" spellcheck=\"false\" aria-errormessage=\"wpforms-196-field_2-error\" required><\/div><div id=\"wpforms-196-field_3-container\" class=\"wpforms-field wpforms-field-textarea\" data-field-id=\"3\"><label class=\"wpforms-field-label\" for=\"wpforms-196-field_3\">Coment\u00e1rio ou Mensagem<\/label><textarea id=\"wpforms-196-field_3\" class=\"wpforms-field-medium\" name=\"wpforms[fields][3]\" aria-errormessage=\"wpforms-196-field_3-error\" ><\/textarea><\/div><script>\n\t\t\t\t( function() {\n\t\t\t\t\tconst style = document.createElement( 'style' );\n\t\t\t\t\tstyle.appendChild( document.createTextNode( '#wpforms-196-field_4-container { position: absolute !important; overflow: hidden !important; display: inline !important; height: 1px !important; width: 1px !important; z-index: -1000 !important; padding: 0 !important; } #wpforms-196-field_4-container input { visibility: hidden; } #wpforms-conversational-form-page #wpforms-196-field_4-container label { counter-increment: none; }' ) );\n\t\t\t\t\tdocument.head.appendChild( style );\n\t\t\t\t\tdocument.currentScript?.remove();\n\t\t\t\t} )();\n\t\t\t<\/script><\/div><!-- .wpforms-field-container --><div class=\"wpforms-submit-container\" ><input type=\"hidden\" name=\"wpforms[id]\" value=\"196\"><input type=\"hidden\" name=\"page_title\" value=\"\"><input type=\"hidden\" name=\"page_url\" value=\"https:\/\/bunkerpdv.com.br\/index.php?rest_route=\/wp\/v2\/pages\/17\"><input type=\"hidden\" name=\"url_referer\" value=\"\"><button type=\"submit\" name=\"wpforms[submit]\" id=\"wpforms-submit-196\" class=\"wpforms-submit\" data-alt-text=\"Enviando\u2026\" data-submit-text=\"Enviar\" aria-live=\"assertive\" value=\"wpforms-submit\">Enviar<\/button><img decoding=\"async\" src=\"https:\/\/bunkerpdv.com.br\/wp-content\/plugins\/wpforms-lite\/assets\/images\/submit-spin.svg\" class=\"wpforms-submit-spinner\" style=\"display: none;\" width=\"26\" height=\"26\" alt=\"Loading\"><\/div><\/form><\/div>  <!-- .wpforms-container -->\t\t<\/div>\n\t\t\t\t<\/div>\n\t\t\t\t<\/div>\n\t\t\t\t\t<\/div>\n\t\t\t\t<\/div>\n\t\t\t\t<\/div>\n\t\t\n    <div class=\"xs_social_share_widget xs_share_url after_content \t\tmain_content  wslu-style-1 wslu-share-box-shaped wslu-fill-colored wslu-none wslu-share-horizontal wslu-theme-font-no wslu-main_content\">\n\n\t\t\n        <ul>\n\t\t\t        <\/ul>\n    <\/div> \n","protected":false},"excerpt":{"rendered":"<p>Contato Entre Em Contato contato@bunkerpdv.com.br 81 99737-2099 Ative o JavaScript no seu navegador para preencher este formul\u00e1rio.Ative o JavaScript no seu navegador para preencher este formul\u00e1rio. Nome * NomeSobrenome E-mail *Coment\u00e1rio ou Mensagem Enviar<\/p>\n","protected":false},"author":1,"featured_media":0,"parent":0,"menu_order":0,"comment_status":"closed","ping_status":"closed","template":"elementor_header_footer","meta":{"postBodyCss":"","postBodyMargin":[],"postBodyPadding":[],"postBodyBackground":{"backgroundType":"classic","gradient":""},"footnotes":""},"class_list":["post-17","page","type-page","status-publish","hentry"],"_links":{"self":[{"href":"https:\/\/bunkerpdv.com.br\/index.php?rest_route=\/wp\/v2\/pages\/17","targetHints":{"allow":["GET"]}}],"collection":[{"href":"https:\/\/bunkerpdv.com.br\/index.php?rest_route=\/wp\/v2\/pages"}],"about":[{"href":"https:\/\/bunkerpdv.com.br\/index.php?rest_route=\/wp\/v2\/types\/page"}],"author":[{"embeddable":true,"href":"https:\/\/bunkerpdv.com.br\/index.php?rest_route=\/wp\/v2\/users\/1"}],"replies":[{"embeddable":true,"href":"https:\/\/bunkerpdv.com.br\/index.php?rest_route=%2Fwp%2Fv2%2Fcomments&post=17"}],"version-history":[{"count":25,"href":"https:\/\/bunkerpdv.com.br\/index.php?rest_route=\/wp\/v2\/pages\/17\/revisions"}],"predecessor-version":[{"id":222,"href":"https:\/\/bunkerpdv.com.br\/index.php?rest_route=\/wp\/v2\/pages\/17\/revisions\/222"}],"wp:attachment":[{"href":"https:\/\/bunkerpdv.com.br\/index.php?rest_route=%2Fwp%2Fv2%2Fmedia&parent=17"}],"curies":[{"name":"wp","href":"https:\/\/api.w.org\/{rel}","templated":true}]}}