{"id":60,"date":"2026-01-11T02:20:18","date_gmt":"2026-01-11T05:20:18","guid":{"rendered":"https:\/\/bunkerpdv.com.br\/?page_id=60"},"modified":"2026-01-12T17:35:02","modified_gmt":"2026-01-12T20:35:02","slug":"inicio","status":"publish","type":"page","link":"https:\/\/bunkerpdv.com.br\/","title":{"rendered":"Inicio"},"content":{"rendered":"\t\t<div data-elementor-type=\"wp-page\" data-elementor-id=\"60\" class=\"elementor elementor-60\">\n\t\t\t\t<div class=\"elementor-element elementor-element-8eec154 e-flex e-con-boxed e-con e-parent\" data-id=\"8eec154\" data-element_type=\"container\" data-settings=\"{&quot;background_background&quot;:&quot;classic&quot;}\">\n\t\t\t\t\t<div class=\"e-con-inner\">\n\t\t<div class=\"elementor-element elementor-element-034977a e-con-full e-flex e-con e-child\" data-id=\"034977a\" data-element_type=\"container\">\n\t\t\t\t<div class=\"elementor-element elementor-element-9c9d091 elementor-widget elementor-widget-image\" data-id=\"9c9d091\" data-element_type=\"widget\" data-widget_type=\"image.default\">\n\t\t\t\t<div class=\"elementor-widget-container\">\n\t\t\t<style>\/*! elementor - v3.21.0 - 25-04-2024 *\/\n.elementor-widget-image{text-align:center}.elementor-widget-image a{display:inline-block}.elementor-widget-image a img[src$=\".svg\"]{width:48px}.elementor-widget-image img{vertical-align:middle;display:inline-block}<\/style>\t\t\t\t\t\t\t\t\t\t<img fetchpriority=\"high\" decoding=\"async\" width=\"591\" height=\"472\" src=\"https:\/\/bunkerpdv.com.br\/wp-content\/uploads\/2026\/01\/Computador-1.png\" class=\"attachment-large size-large wp-image-101\" alt=\"\" srcset=\"https:\/\/bunkerpdv.com.br\/wp-content\/uploads\/2026\/01\/Computador-1.png 591w, https:\/\/bunkerpdv.com.br\/wp-content\/uploads\/2026\/01\/Computador-1-300x240.png 300w\" sizes=\"(max-width: 591px) 100vw, 591px\" \/>\t\t\t\t\t\t\t\t\t\t\t\t\t<\/div>\n\t\t\t\t<\/div>\n\t\t\t\t<\/div>\n\t\t<div class=\"elementor-element elementor-element-f7aa72f e-con-full e-flex e-con e-child\" data-id=\"f7aa72f\" data-element_type=\"container\">\n\t\t\t\t<div class=\"elementor-element elementor-element-311d038 elementor-widget elementor-widget-heading\" data-id=\"311d038\" data-element_type=\"widget\" data-widget_type=\"heading.default\">\n\t\t\t\t<div class=\"elementor-widget-container\">\n\t\t\t<style>\/*! elementor - v3.21.0 - 25-04-2024 *\/\n.elementor-heading-title{padding:0;margin:0;line-height:1}.elementor-widget-heading .elementor-heading-title[class*=elementor-size-]>a{color:inherit;font-size:inherit;line-height:inherit}.elementor-widget-heading .elementor-heading-title.elementor-size-small{font-size:15px}.elementor-widget-heading .elementor-heading-title.elementor-size-medium{font-size:19px}.elementor-widget-heading .elementor-heading-title.elementor-size-large{font-size:29px}.elementor-widget-heading .elementor-heading-title.elementor-size-xl{font-size:39px}.elementor-widget-heading .elementor-heading-title.elementor-size-xxl{font-size:59px}<\/style><h2 class=\"elementor-heading-title elementor-size-default\">OTIMIZE SUA LOJA<\/h2>\t\t<\/div>\n\t\t\t\t<\/div>\n\t\t\t\t<div class=\"elementor-element elementor-element-e8ba342 elementor-widget elementor-widget-heading\" data-id=\"e8ba342\" data-element_type=\"widget\" data-widget_type=\"heading.default\">\n\t\t\t\t<div class=\"elementor-widget-container\">\n\t\t\t<h2 class=\"elementor-heading-title elementor-size-default\">COM NOSSO SITEMA<\/h2>\t\t<\/div>\n\t\t\t\t<\/div>\n\t\t\t\t<div class=\"elementor-element elementor-element-a92c6bf elementor-widget elementor-widget-image\" data-id=\"a92c6bf\" data-element_type=\"widget\" data-widget_type=\"image.default\">\n\t\t\t\t<div class=\"elementor-widget-container\">\n\t\t\t\t\t\t\t\t\t\t\t\t\t<img decoding=\"async\" width=\"473\" height=\"119\" src=\"https:\/\/bunkerpdv.com.br\/wp-content\/uploads\/2026\/01\/logo-pdv-SITE.png\" class=\"attachment-large size-large wp-image-97\" alt=\"\" srcset=\"https:\/\/bunkerpdv.com.br\/wp-content\/uploads\/2026\/01\/logo-pdv-SITE.png 473w, https:\/\/bunkerpdv.com.br\/wp-content\/uploads\/2026\/01\/logo-pdv-SITE-300x75.png 300w\" sizes=\"(max-width: 473px) 100vw, 473px\" \/>\t\t\t\t\t\t\t\t\t\t\t\t\t<\/div>\n\t\t\t\t<\/div>\n\t\t\t\t<div class=\"elementor-element elementor-element-916fb11 elementor-align-center elementor-widget elementor-widget-button\" data-id=\"916fb11\" data-element_type=\"widget\" data-widget_type=\"button.default\">\n\t\t\t\t<div class=\"elementor-widget-container\">\n\t\t\t\t\t<div class=\"elementor-button-wrapper\">\n\t\t\t<a class=\"elementor-button elementor-button-link elementor-size-sm\" href=\"https:\/\/wa.me\/5581997372099\">\n\t\t\t\t\t\t<span class=\"elementor-button-content-wrapper\">\n\t\t\t\t\t\t\t\t\t<span class=\"elementor-button-text\">Fale Conosco Agora!<\/span>\n\t\t\t\t\t<\/span>\n\t\t\t\t\t<\/a>\n\t\t<\/div>\n\t\t\t\t<\/div>\n\t\t\t\t<\/div>\n\t\t\t\t<\/div>\n\t\t\t\t\t<\/div>\n\t\t\t\t<\/div>\n\t\t<div class=\"elementor-element elementor-element-c93b043 e-flex e-con-boxed e-con e-parent\" data-id=\"c93b043\" data-element_type=\"container\">\n\t\t\t\t\t<div class=\"e-con-inner\">\n\t\t\t\t<div class=\"elementor-element elementor-element-4a62eb7 elementor-widget elementor-widget-heading\" data-id=\"4a62eb7\" data-element_type=\"widget\" data-widget_type=\"heading.default\">\n\t\t\t\t<div class=\"elementor-widget-container\">\n\t\t\t<h2 class=\"elementor-heading-title elementor-size-default\">Conhe\u00e7a Nossas Solu\u00e7\u00f5es<\/h2>\t\t<\/div>\n\t\t\t\t<\/div>\n\t\t<div class=\"elementor-element elementor-element-33b6c7f e-flex e-con-boxed e-con e-child\" data-id=\"33b6c7f\" data-element_type=\"container\">\n\t\t\t\t\t<div class=\"e-con-inner\">\n\t\t<div class=\"elementor-element elementor-element-cd6b712 e-con-full e-flex e-con e-child\" data-id=\"cd6b712\" data-element_type=\"container\">\n\t\t\t\t<div class=\"elementor-element elementor-element-c6e12d6 ekit-equal-height-enable elementor-widget__width-inherit elementor-widget elementor-widget-elementskit-icon-box\" data-id=\"c6e12d6\" data-element_type=\"widget\" data-widget_type=\"elementskit-icon-box.default\">\n\t\t\t\t<div class=\"elementor-widget-container\">\n\t\t\t<div class=\"ekit-wid-con\" >        <!-- link opening -->\n                <!-- end link opening -->\n\n        <div class=\"elementskit-infobox text-center text- icon-top-align elementor-animation-   \">\n                    <div class=\"elementskit-box-header elementor-animation-\">\n                <div class=\"elementskit-info-box-icon  \">\n                    <svg class=\"elementkit-infobox-icon ekit-svg-icon icon-money-bag\" viewBox=\"0 0 32 32\" xmlns=\"http:\/\/www.w3.org\/2000\/svg\"><path d=\"M12.23 24.776c-0.507 0-0.95-0.444-0.95-0.951s-0.444-0.951-0.95-0.951-0.95 0.444-0.95 0.951c0 1.204 0.76 2.281 1.901 2.661v0.824c0 0.507 0.444 0.951 0.95 0.951s0.95-0.444 0.95-0.951v-0.824c1.077-0.38 1.838-1.457 1.838-2.661 0-1.521-1.267-2.788-2.788-2.788-0.507 0-0.95-0.444-0.95-0.951s0.444-0.951 0.95-0.951 0.95 0.444 0.95 0.951c0 0.507 0.444 0.951 0.95 0.951s0.95-0.444 0.95-0.951c0-1.204-0.76-2.281-1.838-2.661v-1.394c0-0.507-0.444-0.95-0.95-0.95s-0.95 0.444-0.95 0.95v1.394c-1.077 0.38-1.901 1.457-1.901 2.661 0 1.521 1.267 2.788 2.788 2.788 0.507 0 0.95 0.444 0.95 0.951s-0.444 0.951-0.95 0.951z\"><\/path><path d=\"M3.802 30.479c1.964 1.014 4.626 1.521 8.428 1.521 3.105 0 5.45-0.317 7.224-1.014 0.507 0.634 1.267 1.014 2.154 1.014h7.541c1.521 0 2.788-1.267 2.788-2.788 0-0.697-0.253-1.394-0.697-1.901 0.444-0.507 0.697-1.141 0.697-1.901s-0.253-1.394-0.697-1.901c0.444-0.507 0.697-1.141 0.697-1.901s-0.253-1.394-0.697-1.901c0.444-0.507 0.697-1.141 0.697-1.901 0-1.521-1.267-2.788-2.788-2.788h-7.541c-0.063 0-0.19 0-0.253 0-0.951-1.141-2.028-2.091-3.232-2.851 0.444-0.507 0.697-1.141 0.697-1.901 0-1.141-0.634-2.091-1.584-2.535l1.584-4.816c0.063-0.317 0.063-0.57-0.127-0.824-0.253-0.063-0.507-0.19-0.824-0.19h-2.978c-0.38-1.077-1.457-1.901-2.661-1.901s-2.281 0.76-2.661 1.901h-2.978c-0.253 0-0.57 0.127-0.697 0.38-0.19 0.253-0.253 0.507-0.19 0.824l1.584 4.816c-0.95 0.444-1.584 1.394-1.584 2.535 0 0.697 0.253 1.394 0.697 1.901-3.739 2.218-6.4 6.527-6.4 11.216 0 3.232 1.267 5.513 3.802 6.907zM30.099 21.671c0 0.507-0.444 0.951-0.951 0.951h-7.541c-0.507 0-0.951-0.444-0.951-0.951s0.444-0.951 0.951-0.951h7.541c0.57 0 0.951 0.444 0.951 0.951zM30.099 25.41c0 0.507-0.444 0.951-0.951 0.951h-7.541c-0.507 0-0.951-0.444-0.951-0.951s0.444-0.951 0.951-0.951h7.541c0.57 0.063 0.951 0.444 0.951 0.951zM29.212 30.099h-7.604c-0.507 0-0.951-0.444-0.951-0.951s0.444-0.951 0.951-0.951h7.541c0.507 0 0.951 0.444 0.951 0.951s-0.38 0.951-0.887 0.951zM30.099 17.933c0 0.507-0.444 0.951-0.951 0.951h-7.541c-0.507 0-0.951-0.444-0.951-0.951s0.444-0.951 0.951-0.951h7.541c0.57 0 0.951 0.444 0.951 0.951zM15.968 11.406h-7.414c0 0 0 0 0 0v0c-0.507 0-0.95-0.444-0.95-0.95s0.444-0.95 0.95-0.95v0c0 0 0 0 0 0h7.477c0 0 0 0 0 0v0c0.507 0 0.951 0.444 0.951 0.95-0.063 0.507-0.444 0.95-1.014 0.95v0c0 0 0 0 0 0zM10.392 3.739c0.507 0 0.95-0.444 0.95-0.95s0.444-0.95 0.95-0.95 0.95 0.444 0.95 0.95v1.901c0 0.507 0.444 0.95 0.95 0.95s0.95-0.444 0.95-0.95v-0.95h1.521l-1.267 3.865h-6.147l-1.267-3.865h2.408zM8.681 13.244h7.16c1.394 0.57 2.725 1.521 3.802 2.725-0.507 0.507-0.824 1.204-0.824 1.964 0 0.697 0.253 1.394 0.697 1.901-0.444 0.507-0.697 1.141-0.697 1.901s0.253 1.394 0.697 1.901c-0.444 0.507-0.697 1.141-0.697 1.901s0.253 1.394 0.697 1.901c-0.444 0.507-0.697 1.141-0.697 1.901 0 0 0 0.063 0 0.063-1.584 0.57-3.675 0.887-6.59 0.887-3.485 0-5.893-0.444-7.541-1.331-1.901-1.014-2.852-2.725-2.852-5.259 0.063-4.562 2.852-8.745 6.844-10.455z\"><\/path><\/svg>\n                <\/div>\n          <\/div>\n                        <div class=\"box-body\">\n                            <h3 class=\"elementskit-info-box-title\">\n                    Acabe com as filas no caixa                <\/h3>\n                        \t\t  \t<p>Ningu\u00e9m gosta de esperar, n\u00e9? Nosso sistema faz o atendimento no caixa voar. \u00c9 simples: passou, pagou, liberou. A gente ajuda voc\u00ea a cobrar de qualquer jeito (cart\u00e3o, pix, dinheiro) sem travar e sem complica\u00e7\u00e3o. Cliente atendido r\u00e1pido \u00e9 cliente que volta sempre.\n\n\n\n<\/p>\n                                <\/div>\n        \n        \n                <\/div>\n        <\/div>\t\t<\/div>\n\t\t\t\t<\/div>\n\t\t\t\t<\/div>\n\t\t<div class=\"elementor-element elementor-element-5897e2e e-con-full e-flex e-con e-child\" data-id=\"5897e2e\" data-element_type=\"container\">\n\t\t\t\t<div class=\"elementor-element elementor-element-690c116 ekit-equal-height-enable elementor-widget__width-inherit elementor-widget elementor-widget-elementskit-icon-box\" data-id=\"690c116\" data-element_type=\"widget\" data-widget_type=\"elementskit-icon-box.default\">\n\t\t\t\t<div class=\"elementor-widget-container\">\n\t\t\t<div class=\"ekit-wid-con\" >        <!-- link opening -->\n                <!-- end link opening -->\n\n        <div class=\"elementskit-infobox text-center text- icon-top-align elementor-animation-   \">\n                    <div class=\"elementskit-box-header elementor-animation-\">\n                <div class=\"elementskit-info-box-icon  \">\n                    <svg class=\"elementkit-infobox-icon ekit-svg-icon icon-shopping-cart-1\" viewBox=\"0 0 32 32\" xmlns=\"http:\/\/www.w3.org\/2000\/svg\"><path d=\"M10.069 19.069h18.050l3.194-11.4h-4.7l-1.688-5.213-7.037 2.281 0.962 2.931h-0.331l-1.738-5.213-7.037 2.281 0.963 2.931h-3.763l-0.781-3.125c-0.394-1.563-1.756-2.669-3.325-2.669h-2.15v1.306h2.15c0.975 0 1.825 0.65 2.088 1.631l3.456 13.525c-0.713 0.512-1.181 1.35-1.181 2.306 0 1.563 1.306 2.869 2.869 2.869h17.594v-1.306h-17.594c-0.85 0-1.563-0.719-1.563-1.563 0-0.856 0.719-1.575 1.563-1.575zM24.081 4.081l1.175 3.519h-5.081l-0.719-2.019 4.625-1.5zM15.938 4.081l1.175 3.519h-5.081l-0.719-2.019 4.625-1.5zM29.619 8.906l-2.475 8.863h-17.594l-2.281-8.863h22.35zM21.931 25.456c-1.5 0-2.738 1.238-2.738 2.738s1.238 2.738 2.738 2.738c1.563 0 2.738-1.238 2.738-2.738s-1.238-2.738-2.738-2.738zM21.931 29.694c-0.85 0-1.5-0.719-1.5-1.5 0-0.85 0.719-1.5 1.5-1.5 0.85 0 1.5 0.65 1.5 1.5s-0.719 1.5-1.5 1.5zM11.894 25.456c-1.5 0-2.738 1.238-2.738 2.738s1.238 2.738 2.738 2.738c1.5 0 2.738-1.238 2.738-2.738s-1.238-2.738-2.738-2.738zM11.894 29.694c-0.85 0-1.5-0.719-1.5-1.5 0-0.85 0.719-1.5 1.5-1.5s1.5 0.65 1.5 1.5c0 0.85-0.719 1.5-1.5 1.5z\"><\/path><\/svg>\n                <\/div>\n          <\/div>\n                        <div class=\"box-body\">\n                            <h3 class=\"elementskit-info-box-title\">\n                    Compre pelo o giro                <\/h3>\n                        \t\t  \t<p>Evite mercadoria parada. A Compra pelo Giro analisa seu hist\u00f3rico de vendas e indica a quantidade exata para reposi\u00e7\u00e3o. O Assistente garante o estoque ideal sem comprometer seu capital\n\n\n\n\n<\/p>\n                                <\/div>\n        \n        \n                <\/div>\n        <\/div>\t\t<\/div>\n\t\t\t\t<\/div>\n\t\t\t\t<\/div>\n\t\t<div class=\"elementor-element elementor-element-2c854ab e-con-full e-flex e-con e-child\" data-id=\"2c854ab\" data-element_type=\"container\">\n\t\t\t\t<div class=\"elementor-element elementor-element-4140086 ekit-equal-height-enable elementor-widget__width-inherit elementor-widget elementor-widget-elementskit-icon-box\" data-id=\"4140086\" data-element_type=\"widget\" data-widget_type=\"elementskit-icon-box.default\">\n\t\t\t\t<div class=\"elementor-widget-container\">\n\t\t\t<div class=\"ekit-wid-con\" >        <!-- link opening -->\n                <!-- end link opening -->\n\n        <div class=\"elementskit-infobox text-center text- icon-top-align elementor-animation-   \">\n                    <div class=\"elementskit-box-header elementor-animation-\">\n                <div class=\"elementskit-info-box-icon  \">\n                    <svg class=\"elementkit-infobox-icon ekit-svg-icon icon-contract\" viewBox=\"0 0 32 32\" xmlns=\"http:\/\/www.w3.org\/2000\/svg\"><path d=\"M5.206 8.6h14.825v1.3h-14.825v-1.3zM5.206 15.75h13.394v1.3h-13.394v-1.3zM5.206 22.9h9.95v1.3h-9.95v-1.3zM30.887 5.088c0-2.188-1.719-3.931-3.9-3.962h-23.012c-1.563 0-2.862 1.3-2.862 2.862v27.694h23.144v-16.844h6.631v-9.75zM22.956 30.381h-20.613v-26.4c0-0.844 0.712-1.563 1.625-1.563h20c-0.631 0.7-1.012 1.631-1.012 2.669v25.294zM29.656 13.537h-5.394l-0.063-8.45c0-1.294 0.925-2.394 2.144-2.669h0.65v-0.063c1.469 0.038 2.669 1.256 2.669 2.731v8.45z\"><\/path><\/svg>\n                <\/div>\n          <\/div>\n                        <div class=\"box-body\">\n                            <h3 class=\"elementskit-info-box-title\">\n                    Durma tranquilo com a parte fiscal                <\/h3>\n                        \t\t  \t<p>Esque\u00e7a a dor de cabe\u00e7a com papelada e impostos. Nosso sistema j\u00e1 deixa tudo pronto e envia autom\u00e1tico para o seu contador. Voc\u00ea trabalha dentro da lei, evita multas surpresas e foca no que importa: vender. Deixa que a burocracia a gente descomplica.\n\n\n\n\n<\/p>\n                                <\/div>\n        \n        \n                <\/div>\n        <\/div>\t\t<\/div>\n\t\t\t\t<\/div>\n\t\t\t\t<\/div>\n\t\t<div class=\"elementor-element elementor-element-c5dee55 e-con-full e-flex e-con e-child\" data-id=\"c5dee55\" data-element_type=\"container\">\n\t\t\t\t<div class=\"elementor-element elementor-element-2bc8fa2 ekit-equal-height-enable elementor-widget__width-inherit elementor-widget elementor-widget-elementskit-icon-box\" data-id=\"2bc8fa2\" data-element_type=\"widget\" data-widget_type=\"elementskit-icon-box.default\">\n\t\t\t\t<div class=\"elementor-widget-container\">\n\t\t\t<div class=\"ekit-wid-con\" >        <!-- link opening -->\n                <!-- end link opening -->\n\n        <div class=\"elementskit-infobox text-center text- icon-top-align elementor-animation-   \">\n                    <div class=\"elementskit-box-header elementor-animation-\">\n                <div class=\"elementskit-info-box-icon  \">\n                    <svg class=\"elementkit-infobox-icon ekit-svg-icon icon-save-money\" viewBox=\"0 0 32 32\" xmlns=\"http:\/\/www.w3.org\/2000\/svg\"><path d=\"M16.418 17.464c-0.059-0.013-0.12-0.015-0.18-0.006-0.601-0.070-1.054-0.578-1.055-1.183 0-0.29-0.235-0.525-0.525-0.525s-0.525 0.235-0.525 0.525c0.002 1.010 0.677 1.895 1.651 2.162v0.525c0 0.29 0.235 0.525 0.525 0.525s0.525-0.235 0.525-0.525v-0.493c1.124-0.235 1.888-1.282 1.77-2.425s-1.081-2.010-2.229-2.011c-0.658 0-1.192-0.534-1.192-1.192s0.534-1.192 1.192-1.192 1.192 0.534 1.192 1.192c0 0.29 0.235 0.525 0.525 0.525s0.525-0.235 0.525-0.525c-0.002-1.061-0.745-1.975-1.782-2.194v-0.478c0-0.29-0.235-0.525-0.525-0.525s-0.525 0.235-0.525 0.525v0.51c-1.083 0.296-1.78 1.347-1.631 2.46s1.099 1.944 2.222 1.943c0.649 0 1.179 0.52 1.191 1.169s-0.498 1.188-1.147 1.212z\"><\/path><path d=\"M8.763 14.599c0 4.204 3.408 7.611 7.611 7.611s7.611-3.408 7.611-7.611-3.408-7.611-7.611-7.611c-4.202 0.005-7.607 3.41-7.611 7.611zM16.374 8.037c3.624 0 6.562 2.938 6.562 6.562s-2.938 6.562-6.562 6.562-6.562-2.938-6.562-6.562c0.004-3.622 2.939-6.558 6.562-6.562z\"><\/path><path d=\"M26.573 23.504l-4.112 1.943c-0.568-1.056-1.657-1.728-2.855-1.762l-3.796-0.104c-0.601-0.017-1.191-0.169-1.725-0.445l-0.386-0.2c-1.978-1.031-4.335-1.028-6.31 0.007l0.024-0.875c0.008-0.29-0.22-0.531-0.51-0.539l-4.162-0.115c-0.29-0.008-0.531 0.22-0.539 0.51l-0.251 9.134c-0.008 0.29 0.22 0.531 0.51 0.539l4.177 0.115c0.285 0 0.517-0.226 0.525-0.511l0.012-0.437 1.081-0.579c0.424-0.228 0.921-0.283 1.384-0.151l6.457 1.812c0.011 0.003 0.023 0.006 0.034 0.008 0.467 0.098 0.942 0.147 1.419 0.146 1.010 0.001 2.008-0.217 2.926-0.638 0.023-0.010 0.044-0.022 0.065-0.036l9.362-6.056c0.233-0.151 0.309-0.457 0.172-0.699-0.695-1.233-2.237-1.703-3.502-1.067zM3.014 30.561l0.222-8.085 3.113 0.086-0.222 8.085zM20.003 30.424c-1.14 0.515-2.414 0.657-3.639 0.406l-6.44-1.808c-0.725-0.205-1.501-0.12-2.164 0.237l-0.553 0.296 0.148-5.375c1.751-1.165 3.997-1.284 5.861-0.313l0.386 0.2c0.675 0.349 1.42 0.541 2.179 0.563l3.796 0.104c1.066 0.031 1.972 0.79 2.188 1.835l-5.654-0.156c-0.29-0.008-0.531 0.221-0.539 0.51s0.221 0.531 0.51 0.539l6.254 0.172c0.284-0 0.517-0.227 0.524-0.511 0.006-0.228-0.011-0.456-0.051-0.681l4.217-1.993c0.004-0.002 0.008-0.004 0.012-0.006 0.598-0.303 1.321-0.201 1.814 0.254z\"><\/path><path d=\"M16.899 5.511v-4.986c0-0.29-0.235-0.525-0.525-0.525s-0.525 0.235-0.525 0.525v4.986c0 0.29 0.235 0.525 0.525 0.525s0.525-0.235 0.525-0.525z\"><\/path><path d=\"M20.836 5.511v-2.362c0-0.29-0.235-0.525-0.525-0.525s-0.525 0.235-0.525 0.525v2.362c0 0.29 0.235 0.525 0.525 0.525s0.525-0.235 0.525-0.525z\"><\/path><path d=\"M12.962 5.511v-2.362c0-0.29-0.235-0.525-0.525-0.525s-0.525 0.235-0.525 0.525v2.362c0 0.29 0.235 0.525 0.525 0.525s0.525-0.235 0.525-0.525z\"><\/path><\/svg>\n                <\/div>\n          <\/div>\n                        <div class=\"box-body\">\n                            <h3 class=\"elementskit-info-box-title\">\n                    O controle do seu lucro na palma da m\u00e3o                <\/h3>\n                        \t\t  \t<p>Pare de tentar adivinhar se a loja deu lucro ou preju\u00edzo. Com nosso sistema, voc\u00ea v\u00ea na hora quanto vendeu, qual produto sai igual \u00e1gua e qual est\u00e1 encalhado. \u00c9 a vis\u00e3o clara que voc\u00ea precisa para saber onde investir e fazer o neg\u00f3cio crescer.<\/p>\n                                <\/div>\n        \n        \n                <\/div>\n        <\/div>\t\t<\/div>\n\t\t\t\t<\/div>\n\t\t\t\t<\/div>\n\t\t\t\t\t<\/div>\n\t\t\t\t<\/div>\n\t\t\t\t\t<\/div>\n\t\t\t\t<\/div>\n\t\t<div class=\"elementor-element elementor-element-4e50d9d e-flex e-con-boxed e-con e-parent\" data-id=\"4e50d9d\" data-element_type=\"container\" data-settings=\"{&quot;background_background&quot;:&quot;classic&quot;}\">\n\t\t\t\t\t<div class=\"e-con-inner\">\n\t\t<div class=\"elementor-element elementor-element-aeca5ad e-con-full e-flex e-con e-child\" data-id=\"aeca5ad\" data-element_type=\"container\">\n\t\t\t\t<div class=\"elementor-element elementor-element-1d27d52 elementor-widget elementor-widget-heading\" data-id=\"1d27d52\" data-element_type=\"widget\" data-widget_type=\"heading.default\">\n\t\t\t\t<div class=\"elementor-widget-container\">\n\t\t\t<h2 class=\"elementor-heading-title elementor-size-default\">Deixe o Assistente Calcular Sua Reposi\u00e7\u00e3o.<\/h2>\t\t<\/div>\n\t\t\t\t<\/div>\n\t\t\t\t<div class=\"elementor-element elementor-element-bda2523 elementor-widget elementor-widget-text-editor\" data-id=\"bda2523\" data-element_type=\"widget\" data-widget_type=\"text-editor.default\">\n\t\t\t\t<div class=\"elementor-widget-container\">\n\t\t\t<style>\/*! elementor - v3.21.0 - 25-04-2024 *\/\n.elementor-widget-text-editor.elementor-drop-cap-view-stacked .elementor-drop-cap{background-color:#69727d;color:#fff}.elementor-widget-text-editor.elementor-drop-cap-view-framed .elementor-drop-cap{color:#69727d;border:3px solid;background-color:transparent}.elementor-widget-text-editor:not(.elementor-drop-cap-view-default) .elementor-drop-cap{margin-top:8px}.elementor-widget-text-editor:not(.elementor-drop-cap-view-default) .elementor-drop-cap-letter{width:1em;height:1em}.elementor-widget-text-editor .elementor-drop-cap{float:left;text-align:center;line-height:1;font-size:50px}.elementor-widget-text-editor .elementor-drop-cap-letter{display:inline-block}<\/style>\t\t\t\t<p data-path-to-node=\"9,1\">Elimine o &#8220;achismo&#8221; e o risco financeiro na hora de repor mercadoria. Nosso Assistente de Compras utiliza algoritmos avan\u00e7ados para analisar o hist\u00f3rico de giro dos seus produtos e calcular a reposi\u00e7\u00e3o ideal.<\/p><ul data-path-to-node=\"9,2\"><li><p data-path-to-node=\"9,2,0,0\"><b data-path-to-node=\"9,2,0,0\" data-index-in-node=\"0\">Precis\u00e3o na Demanda:<\/b> O sistema sugere a quantidade exata para suprir o per\u00edodo desejado, evitando sobras e faltas.<\/p><\/li><li><p data-path-to-node=\"9,2,1,0\"><b data-path-to-node=\"9,2,1,0\" data-index-in-node=\"0\">Estoque Otimizado:<\/b> Mantenha sua loja sempre abastecida com os produtos que seus clientes realmente procuram.<\/p><\/li><li><p data-path-to-node=\"9,2,2,0\"><b data-path-to-node=\"9,2,2,0\" data-index-in-node=\"0\">Sa\u00fade Financeira:<\/b> Proteja seu fluxo de caixa. Compre apenas o necess\u00e1rio e evite dinheiro parado em estoque encalhado.<\/p><\/li><\/ul>\t\t\t\t\t\t<\/div>\n\t\t\t\t<\/div>\n\t\t\t\t<div class=\"elementor-element elementor-element-201ad98 elementor-align-center elementor-widget elementor-widget-button\" data-id=\"201ad98\" data-element_type=\"widget\" data-widget_type=\"button.default\">\n\t\t\t\t<div class=\"elementor-widget-container\">\n\t\t\t\t\t<div class=\"elementor-button-wrapper\">\n\t\t\t<a class=\"elementor-button elementor-button-link elementor-size-sm\" href=\"https:\/\/wa.me\/5581997372099\">\n\t\t\t\t\t\t<span class=\"elementor-button-content-wrapper\">\n\t\t\t\t\t\t\t\t\t<span class=\"elementor-button-text\">Agende Agora Uma Desmonstra\u00e7\u00e3o<\/span>\n\t\t\t\t\t<\/span>\n\t\t\t\t\t<\/a>\n\t\t<\/div>\n\t\t\t\t<\/div>\n\t\t\t\t<\/div>\n\t\t\t\t<\/div>\n\t\t<div class=\"elementor-element elementor-element-0d7a802 e-flex e-con-boxed e-con e-child\" data-id=\"0d7a802\" data-element_type=\"container\">\n\t\t\t\t\t<div class=\"e-con-inner\">\n\t\t\t\t<div class=\"elementor-element elementor-element-63ee95b elementor-widget elementor-widget-image\" data-id=\"63ee95b\" data-element_type=\"widget\" data-widget_type=\"image.default\">\n\t\t\t\t<div class=\"elementor-widget-container\">\n\t\t\t\t\t\t\t\t\t\t\t\t\t<img decoding=\"async\" width=\"500\" height=\"500\" src=\"https:\/\/bunkerpdv.com.br\/wp-content\/uploads\/2026\/01\/pessoa.png\" class=\"attachment-full size-full wp-image-111\" alt=\"\" srcset=\"https:\/\/bunkerpdv.com.br\/wp-content\/uploads\/2026\/01\/pessoa.png 500w, https:\/\/bunkerpdv.com.br\/wp-content\/uploads\/2026\/01\/pessoa-300x300.png 300w, https:\/\/bunkerpdv.com.br\/wp-content\/uploads\/2026\/01\/pessoa-150x150.png 150w\" sizes=\"(max-width: 500px) 100vw, 500px\" \/>\t\t\t\t\t\t\t\t\t\t\t\t\t<\/div>\n\t\t\t\t<\/div>\n\t\t\t\t\t<\/div>\n\t\t\t\t<\/div>\n\t\t\t\t\t<\/div>\n\t\t\t\t<\/div>\n\t\t\t\t<\/div>\n\t\t\n    <div class=\"xs_social_share_widget xs_share_url after_content \t\tmain_content  wslu-style-1 wslu-share-box-shaped wslu-fill-colored wslu-none wslu-share-horizontal wslu-theme-font-no wslu-main_content\">\n\n\t\t\n        <ul>\n\t\t\t        <\/ul>\n    <\/div> \n","protected":false},"excerpt":{"rendered":"<p>OTIMIZE SUA LOJA COM NOSSO SITEMA Fale Conosco Agora! Conhe\u00e7a Nossas Solu\u00e7\u00f5es Acabe com as filas no caixa Ningu\u00e9m gosta de esperar, n\u00e9? Nosso sistema faz o atendimento no caixa voar. \u00c9 simples: passou, pagou, liberou. A gente ajuda voc\u00ea a cobrar de qualquer jeito (cart\u00e3o, pix, dinheiro) sem travar e sem complica\u00e7\u00e3o. Cliente atendido [&hellip;]<\/p>\n","protected":false},"author":1,"featured_media":0,"parent":0,"menu_order":0,"comment_status":"closed","ping_status":"closed","template":"elementor_header_footer","meta":{"postBodyCss":"","postBodyMargin":[],"postBodyPadding":[],"postBodyBackground":{"backgroundType":"classic","gradient":""},"footnotes":""},"class_list":["post-60","page","type-page","status-publish","hentry"],"_links":{"self":[{"href":"https:\/\/bunkerpdv.com.br\/index.php?rest_route=\/wp\/v2\/pages\/60","targetHints":{"allow":["GET"]}}],"collection":[{"href":"https:\/\/bunkerpdv.com.br\/index.php?rest_route=\/wp\/v2\/pages"}],"about":[{"href":"https:\/\/bunkerpdv.com.br\/index.php?rest_route=\/wp\/v2\/types\/page"}],"author":[{"embeddable":true,"href":"https:\/\/bunkerpdv.com.br\/index.php?rest_route=\/wp\/v2\/users\/1"}],"replies":[{"embeddable":true,"href":"https:\/\/bunkerpdv.com.br\/index.php?rest_route=%2Fwp%2Fv2%2Fcomments&post=60"}],"version-history":[{"count":70,"href":"https:\/\/bunkerpdv.com.br\/index.php?rest_route=\/wp\/v2\/pages\/60\/revisions"}],"predecessor-version":[{"id":228,"href":"https:\/\/bunkerpdv.com.br\/index.php?rest_route=\/wp\/v2\/pages\/60\/revisions\/228"}],"wp:attachment":[{"href":"https:\/\/bunkerpdv.com.br\/index.php?rest_route=%2Fwp%2Fv2%2Fmedia&parent=60"}],"curies":[{"name":"wp","href":"https:\/\/api.w.org\/{rel}","templated":true}]}}